{"id":47,"date":"2025-07-29T22:07:23","date_gmt":"2025-07-30T01:07:23","guid":{"rendered":"https:\/\/dmorato.com.br\/?page_id=47"},"modified":"2025-08-07T07:38:24","modified_gmt":"2025-08-07T10:38:24","slug":"contato","status":"publish","type":"page","link":"https:\/\/dmorato.com.br\/index.php\/contato\/","title":{"rendered":"Contato"},"content":{"rendered":"\t\t<div data-elementor-type=\"wp-page\" data-elementor-id=\"47\" class=\"elementor elementor-47\" data-elementor-settings=\"{&quot;ha_cmc_init_switcher&quot;:&quot;no&quot;}\" data-elementor-post-type=\"page\">\n\t\t\t\t<div class=\"elementor-element elementor-element-5eb8b38 e-flex e-con-boxed e-con e-parent\" data-id=\"5eb8b38\" data-element_type=\"container\" data-e-type=\"container\" data-settings=\"{&quot;background_background&quot;:&quot;classic&quot;,&quot;_ha_eqh_enable&quot;:false}\">\n\t\t\t\t\t<div class=\"e-con-inner\">\n\t\t<div class=\"elementor-element elementor-element-101d589 e-con-full e-flex e-con e-child\" data-id=\"101d589\" data-element_type=\"container\" data-e-type=\"container\" data-settings=\"{&quot;_ha_eqh_enable&quot;:false}\">\n\t\t\t\t<div class=\"elementor-element elementor-element-5fc9744 elementor-widget elementor-widget-heading\" data-id=\"5fc9744\" data-element_type=\"widget\" data-e-type=\"widget\" data-widget_type=\"heading.default\">\n\t\t\t\t\t<h2 class=\"elementor-heading-title elementor-size-default\">CONTATO<\/h2>\t\t\t\t<\/div>\n\t\t\t\t<div class=\"elementor-element elementor-element-13b4e2e elementor-widget-divider--view-line elementor-widget elementor-widget-divider\" data-id=\"13b4e2e\" data-element_type=\"widget\" data-e-type=\"widget\" data-widget_type=\"divider.default\">\n\t\t\t\t\t\t\t<div class=\"elementor-divider\">\n\t\t\t<span class=\"elementor-divider-separator\">\n\t\t\t\t\t\t<\/span>\n\t\t<\/div>\n\t\t\t\t\t\t<\/div>\n\t\t\t\t<div class=\"elementor-element elementor-element-97ab468 elementor-widget elementor-widget-text-editor\" data-id=\"97ab468\" data-element_type=\"widget\" data-e-type=\"widget\" data-widget_type=\"text-editor.default\">\n\t\t\t\t\t\t\t\t\t<p>Quer entrar em contato conosco?<\/p><p>Preencha o formul\u00e1rio abaixo que iremos entrar em contato o mais r\u00e1pido poss\u00edvel.<\/p>\t\t\t\t\t\t\t\t<\/div>\n\t\t\t\t<div class=\"elementor-element elementor-element-9c135ea elementor-button-align-center elementor-widget elementor-widget-form\" data-id=\"9c135ea\" data-element_type=\"widget\" data-e-type=\"widget\" data-settings=\"{&quot;step_next_label&quot;:&quot;Pr\\u00f3ximo&quot;,&quot;step_previous_label&quot;:&quot;Anterior&quot;,&quot;button_width&quot;:&quot;100&quot;,&quot;step_type&quot;:&quot;number_text&quot;,&quot;step_icon_shape&quot;:&quot;circle&quot;}\" data-widget_type=\"form.default\">\n\t\t\t\t\t\t\t<form class=\"elementor-form\" method=\"post\" name=\"Contato\" aria-label=\"Contato\">\n\t\t\t<input type=\"hidden\" name=\"post_id\" value=\"47\"\/>\n\t\t\t<input type=\"hidden\" name=\"form_id\" value=\"9c135ea\"\/>\n\t\t\t<input type=\"hidden\" name=\"referer_title\" value=\"Contato - Daniel Morato Arquitetura\" \/>\n\n\t\t\t\t\t\t\t<input type=\"hidden\" name=\"queried_id\" value=\"47\"\/>\n\t\t\t\n\t\t\t<div class=\"elementor-form-fields-wrapper elementor-labels-above\">\n\t\t\t\t\t\t\t\t<div class=\"elementor-field-type-text elementor-field-group elementor-column elementor-field-group-name elementor-col-100 elementor-field-required elementor-mark-required\">\n\t\t\t\t\t\t\t\t\t\t\t\t<label for=\"form-field-name\" class=\"elementor-field-label\">\n\t\t\t\t\t\t\t\tNome\t\t\t\t\t\t\t<\/label>\n\t\t\t\t\t\t\t\t\t\t\t\t\t\t<input size=\"1\" type=\"text\" name=\"form_fields[name]\" id=\"form-field-name\" class=\"elementor-field elementor-size-sm  elementor-field-textual\" placeholder=\"Nome\" required=\"required\">\n\t\t\t\t\t\t\t\t\t\t\t<\/div>\n\t\t\t\t\t\t\t\t<div class=\"elementor-field-type-email elementor-field-group elementor-column elementor-field-group-email elementor-col-100 elementor-field-required elementor-mark-required\">\n\t\t\t\t\t\t\t\t\t\t\t\t<label for=\"form-field-email\" class=\"elementor-field-label\">\n\t\t\t\t\t\t\t\tE-mail\t\t\t\t\t\t\t<\/label>\n\t\t\t\t\t\t\t\t\t\t\t\t\t\t<input size=\"1\" type=\"email\" name=\"form_fields[email]\" id=\"form-field-email\" class=\"elementor-field elementor-size-sm  elementor-field-textual\" placeholder=\"E-mail\" required=\"required\">\n\t\t\t\t\t\t\t\t\t\t\t<\/div>\n\t\t\t\t\t\t\t\t<div class=\"elementor-field-type-tel elementor-field-group elementor-column elementor-field-group-field_16ffdd7 elementor-col-100\">\n\t\t\t\t\t\t\t\t\t\t\t\t<label for=\"form-field-field_16ffdd7\" class=\"elementor-field-label\">\n\t\t\t\t\t\t\t\tTelefone\t\t\t\t\t\t\t<\/label>\n\t\t\t\t\t\t\t\t<input size=\"1\" type=\"tel\" name=\"form_fields[field_16ffdd7]\" id=\"form-field-field_16ffdd7\" class=\"elementor-field elementor-size-sm  elementor-field-textual\" placeholder=\"Telefone\" pattern=\"[0-9()#&amp;+*-=.]+\" title=\"Only numbers and phone characters (#, -, *, etc) are accepted.\">\n\n\t\t\t\t\t\t<\/div>\n\t\t\t\t\t\t\t\t<div class=\"elementor-field-type-textarea elementor-field-group elementor-column elementor-field-group-message elementor-col-100\">\n\t\t\t\t\t\t\t\t\t\t\t\t<label for=\"form-field-message\" class=\"elementor-field-label\">\n\t\t\t\t\t\t\t\tMensagem\t\t\t\t\t\t\t<\/label>\n\t\t\t\t\t\t<textarea class=\"elementor-field-textual elementor-field  elementor-size-sm\" name=\"form_fields[message]\" id=\"form-field-message\" rows=\"4\" placeholder=\"Mensagem\"><\/textarea>\t\t\t\t<\/div>\n\t\t\t\t\t\t\t\t<div class=\"elementor-field-group elementor-column elementor-field-type-submit elementor-col-100 e-form__buttons\">\n\t\t\t\t\t<button class=\"elementor-button elementor-size-md elementor-animation-grow\" type=\"submit\">\n\t\t\t\t\t\t<span class=\"elementor-button-content-wrapper\">\n\t\t\t\t\t\t\t\t\t\t\t\t\t\t\t\t\t\t\t\t\t\t<span class=\"elementor-button-text\">Enviar<\/span>\n\t\t\t\t\t\t\t\t\t\t\t\t\t<\/span>\n\t\t\t\t\t<\/button>\n\t\t\t\t<\/div>\n\t\t\t<\/div>\n\t\t<\/form>\n\t\t\t\t\t\t<\/div>\n\t\t\t\t<div class=\"elementor-element elementor-element-0e5a5a3 elementor-shape-circle e-transform elementor-grid-0 e-grid-align-center elementor-widget elementor-widget-social-icons\" data-id=\"0e5a5a3\" data-element_type=\"widget\" data-e-type=\"widget\" data-settings=\"{&quot;_transform_scale_effect_hover&quot;:{&quot;unit&quot;:&quot;px&quot;,&quot;size&quot;:1.100000000000000088817841970012523233890533447265625,&quot;sizes&quot;:[]},&quot;_transform_scale_effect_hover_tablet&quot;:{&quot;unit&quot;:&quot;px&quot;,&quot;size&quot;:&quot;&quot;,&quot;sizes&quot;:[]},&quot;_transform_scale_effect_hover_mobile&quot;:{&quot;unit&quot;:&quot;px&quot;,&quot;size&quot;:&quot;&quot;,&quot;sizes&quot;:[]}}\" data-widget_type=\"social-icons.default\">\n\t\t\t\t\t\t\t<div class=\"elementor-social-icons-wrapper elementor-grid\" role=\"list\">\n\t\t\t\t\t\t\t<span class=\"elementor-grid-item\" role=\"listitem\">\n\t\t\t\t\t<a class=\"elementor-icon elementor-social-icon elementor-social-icon-facebook elementor-repeater-item-0b6f091\" href=\"https:\/\/www.facebook.com\/daniel.morato.arquitetura\" target=\"_blank\">\n\t\t\t\t\t\t<span class=\"elementor-screen-only\">Facebook<\/span>\n\t\t\t\t\t\t<svg aria-hidden=\"true\" class=\"e-font-icon-svg e-fab-facebook\" viewBox=\"0 0 512 512\" xmlns=\"http:\/\/www.w3.org\/2000\/svg\"><path d=\"M504 256C504 119 393 8 256 8S8 119 8 256c0 123.78 90.69 226.38 209.25 245V327.69h-63V256h63v-54.64c0-62.15 37-96.48 93.67-96.48 27.14 0 55.52 4.84 55.52 4.84v61h-31.28c-30.8 0-40.41 19.12-40.41 38.73V256h68.78l-11 71.69h-57.78V501C413.31 482.38 504 379.78 504 256z\"><\/path><\/svg>\t\t\t\t\t<\/a>\n\t\t\t\t<\/span>\n\t\t\t\t\t\t\t<span class=\"elementor-grid-item\" role=\"listitem\">\n\t\t\t\t\t<a class=\"elementor-icon elementor-social-icon elementor-social-icon-instagram elementor-repeater-item-d647ef9\" href=\"https:\/\/www.instagram.com\/danielmoratoarq\/\" target=\"_blank\">\n\t\t\t\t\t\t<span class=\"elementor-screen-only\">Instagram<\/span>\n\t\t\t\t\t\t<svg aria-hidden=\"true\" class=\"e-font-icon-svg e-fab-instagram\" viewBox=\"0 0 448 512\" xmlns=\"http:\/\/www.w3.org\/2000\/svg\"><path d=\"M224.1 141c-63.6 0-114.9 51.3-114.9 114.9s51.3 114.9 114.9 114.9S339 319.5 339 255.9 287.7 141 224.1 141zm0 189.6c-41.1 0-74.7-33.5-74.7-74.7s33.5-74.7 74.7-74.7 74.7 33.5 74.7 74.7-33.6 74.7-74.7 74.7zm146.4-194.3c0 14.9-12 26.8-26.8 26.8-14.9 0-26.8-12-26.8-26.8s12-26.8 26.8-26.8 26.8 12 26.8 26.8zm76.1 27.2c-1.7-35.9-9.9-67.7-36.2-93.9-26.2-26.2-58-34.4-93.9-36.2-37-2.1-147.9-2.1-184.9 0-35.8 1.7-67.6 9.9-93.9 36.1s-34.4 58-36.2 93.9c-2.1 37-2.1 147.9 0 184.9 1.7 35.9 9.9 67.7 36.2 93.9s58 34.4 93.9 36.2c37 2.1 147.9 2.1 184.9 0 35.9-1.7 67.7-9.9 93.9-36.2 26.2-26.2 34.4-58 36.2-93.9 2.1-37 2.1-147.8 0-184.8zM398.8 388c-7.8 19.6-22.9 34.7-42.6 42.6-29.5 11.7-99.5 9-132.1 9s-102.7 2.6-132.1-9c-19.6-7.8-34.7-22.9-42.6-42.6-11.7-29.5-9-99.5-9-132.1s-2.6-102.7 9-132.1c7.8-19.6 22.9-34.7 42.6-42.6 29.5-11.7 99.5-9 132.1-9s102.7-2.6 132.1 9c19.6 7.8 34.7 22.9 42.6 42.6 11.7 29.5 9 99.5 9 132.1s2.7 102.7-9 132.1z\"><\/path><\/svg>\t\t\t\t\t<\/a>\n\t\t\t\t<\/span>\n\t\t\t\t\t\t\t<span class=\"elementor-grid-item\" role=\"listitem\">\n\t\t\t\t\t<a class=\"elementor-icon elementor-social-icon elementor-social-icon-pinterest elementor-repeater-item-807a737\" href=\"https:\/\/br.pinterest.com\/dnmorato\/\" target=\"_blank\">\n\t\t\t\t\t\t<span class=\"elementor-screen-only\">Pinterest<\/span>\n\t\t\t\t\t\t<svg aria-hidden=\"true\" class=\"e-font-icon-svg e-fab-pinterest\" viewBox=\"0 0 496 512\" xmlns=\"http:\/\/www.w3.org\/2000\/svg\"><path d=\"M496 256c0 137-111 248-248 248-25.6 0-50.2-3.9-73.4-11.1 10.1-16.5 25.2-43.5 30.8-65 3-11.6 15.4-59 15.4-59 8.1 15.4 31.7 28.5 56.8 28.5 74.8 0 128.7-68.8 128.7-154.3 0-81.9-66.9-143.2-152.9-143.2-107 0-163.9 71.8-163.9 150.1 0 36.4 19.4 81.7 50.3 96.1 4.7 2.2 7.2 1.2 8.3-3.3.8-3.4 5-20.3 6.9-28.1.6-2.5.3-4.7-1.7-7.1-10.1-12.5-18.3-35.3-18.3-56.6 0-54.7 41.4-107.6 112-107.6 60.9 0 103.6 41.5 103.6 100.9 0 67.1-33.9 113.6-78 113.6-24.3 0-42.6-20.1-36.7-44.8 7-29.5 20.5-61.3 20.5-82.6 0-19-10.2-34.9-31.4-34.9-24.9 0-44.9 25.7-44.9 60.2 0 22 7.4 36.8 7.4 36.8s-24.5 103.8-29 123.2c-5 21.4-3 51.6-.9 71.2C65.4 450.9 0 361.1 0 256 0 119 111 8 248 8s248 111 248 248z\"><\/path><\/svg>\t\t\t\t\t<\/a>\n\t\t\t\t<\/span>\n\t\t\t\t\t\t\t<span class=\"elementor-grid-item\" role=\"listitem\">\n\t\t\t\t\t<a class=\"elementor-icon elementor-social-icon elementor-social-icon-linkedin elementor-repeater-item-32a8f2b\" href=\"https:\/\/www.linkedin.com\/in\/daniel-morato\/\" target=\"_blank\">\n\t\t\t\t\t\t<span class=\"elementor-screen-only\">Linkedin<\/span>\n\t\t\t\t\t\t<svg aria-hidden=\"true\" class=\"e-font-icon-svg e-fab-linkedin\" viewBox=\"0 0 448 512\" xmlns=\"http:\/\/www.w3.org\/2000\/svg\"><path d=\"M416 32H31.9C14.3 32 0 46.5 0 64.3v383.4C0 465.5 14.3 480 31.9 480H416c17.6 0 32-14.5 32-32.3V64.3c0-17.8-14.4-32.3-32-32.3zM135.4 416H69V202.2h66.5V416zm-33.2-243c-21.3 0-38.5-17.3-38.5-38.5S80.9 96 102.2 96c21.2 0 38.5 17.3 38.5 38.5 0 21.3-17.2 38.5-38.5 38.5zm282.1 243h-66.4V312c0-24.8-.5-56.7-34.5-56.7-34.6 0-39.9 27-39.9 54.9V416h-66.4V202.2h63.7v29.2h.9c8.9-16.8 30.6-34.5 62.9-34.5 67.2 0 79.7 44.3 79.7 101.9V416z\"><\/path><\/svg>\t\t\t\t\t<\/a>\n\t\t\t\t<\/span>\n\t\t\t\t\t\t\t<span class=\"elementor-grid-item\" role=\"listitem\">\n\t\t\t\t\t<a class=\"elementor-icon elementor-social-icon elementor-social-icon-youtube elementor-repeater-item-d9519cf\" href=\"https:\/\/www.youtube.com\/@danielmoratoarq\" target=\"_blank\">\n\t\t\t\t\t\t<span class=\"elementor-screen-only\">Youtube<\/span>\n\t\t\t\t\t\t<svg aria-hidden=\"true\" class=\"e-font-icon-svg e-fab-youtube\" viewBox=\"0 0 576 512\" xmlns=\"http:\/\/www.w3.org\/2000\/svg\"><path d=\"M549.655 124.083c-6.281-23.65-24.787-42.276-48.284-48.597C458.781 64 288 64 288 64S117.22 64 74.629 75.486c-23.497 6.322-42.003 24.947-48.284 48.597-11.412 42.867-11.412 132.305-11.412 132.305s0 89.438 11.412 132.305c6.281 23.65 24.787 41.5 48.284 47.821C117.22 448 288 448 288 448s170.78 0 213.371-11.486c23.497-6.321 42.003-24.171 48.284-47.821 11.412-42.867 11.412-132.305 11.412-132.305s0-89.438-11.412-132.305zm-317.51 213.508V175.185l142.739 81.205-142.739 81.201z\"><\/path><\/svg>\t\t\t\t\t<\/a>\n\t\t\t\t<\/span>\n\t\t\t\t\t<\/div>\n\t\t\t\t\t\t<\/div>\n\t\t\t\t<div class=\"elementor-element elementor-element-2dd7630 elementor-widget elementor-widget-text-editor\" data-id=\"2dd7630\" data-element_type=\"widget\" data-e-type=\"widget\" data-widget_type=\"text-editor.default\">\n\t\t\t\t\t\t\t\t\t<p>Prefere entrar em contato direto pelo WhatsAPP?<\/p>\t\t\t\t\t\t\t\t<\/div>\n\t\t\t\t<div class=\"elementor-element elementor-element-4892076 elementor-align-center elementor-widget elementor-widget-button\" data-id=\"4892076\" data-element_type=\"widget\" data-e-type=\"widget\" data-widget_type=\"button.default\">\n\t\t\t\t\t\t\t\t\t\t<a class=\"elementor-button elementor-button-link elementor-size-sm elementor-animation-grow\" href=\"https:\/\/wa.me\/5561999096020?text=Ol%C3%A1%21%20Estou%20vindo%20do%20seu%20site%20e%20gostaria%20de%20conhecer%20mais%20sobre%20os%20seus%20servi%C3%A7os.\">\n\t\t\t\t\t\t<span class=\"elementor-button-content-wrapper\">\n\t\t\t\t\t\t\t\t\t<span class=\"elementor-button-text\">ENTRAR EM CONTATO PELO WHATSAPP<\/span>\n\t\t\t\t\t<\/span>\n\t\t\t\t\t<\/a>\n\t\t\t\t\t\t\t\t<\/div>\n\t\t\t\t<\/div>\n\t\t<div class=\"elementor-element elementor-element-61d1065 e-con-full e-flex e-con e-child\" data-id=\"61d1065\" data-element_type=\"container\" data-e-type=\"container\" data-settings=\"{&quot;_ha_eqh_enable&quot;:false}\">\n\t\t\t\t<div class=\"elementor-element elementor-element-200a52f elementor-widget elementor-widget-image\" data-id=\"200a52f\" data-element_type=\"widget\" data-e-type=\"widget\" data-widget_type=\"image.default\">\n\t\t\t\t\t\t\t\t\t\t\t\t\t\t\t<img fetchpriority=\"high\" decoding=\"async\" width=\"800\" height=\"800\" src=\"https:\/\/dmorato.com.br\/wp-content\/uploads\/2025\/07\/Foto-Quadrada-02-1024x1024.webp\" class=\"attachment-large size-large wp-image-62\" alt=\"Foto Daniel\" srcset=\"https:\/\/dmorato.com.br\/wp-content\/uploads\/2025\/07\/Foto-Quadrada-02-1024x1024.webp 1024w, https:\/\/dmorato.com.br\/wp-content\/uploads\/2025\/07\/Foto-Quadrada-02-300x300.webp 300w, https:\/\/dmorato.com.br\/wp-content\/uploads\/2025\/07\/Foto-Quadrada-02-150x150.webp 150w, https:\/\/dmorato.com.br\/wp-content\/uploads\/2025\/07\/Foto-Quadrada-02-768x767.webp 768w, https:\/\/dmorato.com.br\/wp-content\/uploads\/2025\/07\/Foto-Quadrada-02.webp 1080w\" sizes=\"(max-width: 800px) 100vw, 800px\" \/>\t\t\t\t\t\t\t\t\t\t\t\t\t\t\t<\/div>\n\t\t\t\t<\/div>\n\t\t\t\t\t<\/div>\n\t\t\t\t<\/div>\n\t\t<div class=\"elementor-element elementor-element-a4bb13a e-flex e-con-boxed e-con e-parent\" data-id=\"a4bb13a\" data-element_type=\"container\" data-e-type=\"container\" data-settings=\"{&quot;_ha_eqh_enable&quot;:false}\">\n\t\t\t\t\t<div class=\"e-con-inner\">\n\t\t\t\t<div class=\"elementor-element elementor-element-c842323 elementor-widget elementor-widget-google_maps\" data-id=\"c842323\" data-element_type=\"widget\" data-e-type=\"widget\" data-widget_type=\"google_maps.default\">\n\t\t\t\t\t\t\t<div class=\"elementor-custom-embed\">\n\t\t\t<iframe loading=\"lazy\"\n\t\t\t\t\tsrc=\"https:\/\/maps.google.com\/maps?q=Daniel%20Morato%20Arquitetura&#038;t=m&#038;z=15&#038;output=embed&#038;iwloc=near\"\n\t\t\t\t\ttitle=\"Daniel Morato Arquitetura\"\n\t\t\t\t\taria-label=\"Daniel Morato Arquitetura\"\n\t\t\t><\/iframe>\n\t\t<\/div>\n\t\t\t\t\t\t<\/div>\n\t\t\t\t\t<\/div>\n\t\t\t\t<\/div>\n\t\t\t\t<\/div>\n\t\t","protected":false},"excerpt":{"rendered":"<p>CONTATO Quer entrar em contato conosco? Preencha o formul\u00e1rio abaixo que iremos entrar em contato o mais r\u00e1pido poss\u00edvel. Facebook Instagram Pinterest Linkedin Youtube Prefere entrar em contato direto pelo WhatsAPP? ENTRAR EM CONTATO PELO WHATSAPP<\/p>\n","protected":false},"author":1,"featured_media":0,"parent":0,"menu_order":0,"comment_status":"closed","ping_status":"closed","template":"elementor_header_footer","meta":{"footnotes":""},"class_list":["post-47","page","type-page","status-publish","hentry"],"yoast_head":"<!-- This site is optimized with the Yoast SEO plugin v27.2 - https:\/\/yoast.com\/product\/yoast-seo-wordpress\/ -->\n<title>Contato - Daniel Morato Arquitetura<\/title>\n<meta name=\"robots\" content=\"index, follow, max-snippet:-1, max-image-preview:large, max-video-preview:-1\" \/>\n<link rel=\"canonical\" href=\"https:\/\/dmorato.com.br\/index.php\/contato\/\" \/>\n<meta property=\"og:locale\" content=\"en_US\" \/>\n<meta property=\"og:type\" content=\"article\" \/>\n<meta property=\"og:title\" content=\"Contato - Daniel Morato Arquitetura\" \/>\n<meta property=\"og:description\" content=\"CONTATO Quer entrar em contato conosco? Preencha o formul\u00e1rio abaixo que iremos entrar em contato o mais r\u00e1pido poss\u00edvel. Facebook Instagram Pinterest Linkedin Youtube Prefere entrar em contato direto pelo WhatsAPP? ENTRAR EM CONTATO PELO WHATSAPP\" \/>\n<meta property=\"og:url\" content=\"https:\/\/dmorato.com.br\/index.php\/contato\/\" \/>\n<meta property=\"og:site_name\" content=\"Daniel Morato Arquitetura\" \/>\n<meta property=\"article:publisher\" content=\"https:\/\/www.facebook.com\/daniel.morato.arquitetura\" \/>\n<meta property=\"article:modified_time\" content=\"2025-08-07T10:38:24+00:00\" \/>\n<meta property=\"og:image\" content=\"https:\/\/dmorato.com.br\/wp-content\/uploads\/2025\/07\/Foto-Quadrada-02.webp\" \/>\n\t<meta property=\"og:image:width\" content=\"1080\" \/>\n\t<meta property=\"og:image:height\" content=\"1079\" \/>\n\t<meta property=\"og:image:type\" content=\"image\/webp\" \/>\n<meta name=\"twitter:card\" content=\"summary_large_image\" \/>\n<script type=\"application\/ld+json\" class=\"yoast-schema-graph\">{\"@context\":\"https:\/\/schema.org\",\"@graph\":[{\"@type\":\"WebPage\",\"@id\":\"https:\/\/dmorato.com.br\/index.php\/contato\/\",\"url\":\"https:\/\/dmorato.com.br\/index.php\/contato\/\",\"name\":\"Contato - Daniel Morato Arquitetura\",\"isPartOf\":{\"@id\":\"https:\/\/dmorato.com.br\/#website\"},\"primaryImageOfPage\":{\"@id\":\"https:\/\/dmorato.com.br\/index.php\/contato\/#primaryimage\"},\"image\":{\"@id\":\"https:\/\/dmorato.com.br\/index.php\/contato\/#primaryimage\"},\"thumbnailUrl\":\"https:\/\/dmorato.com.br\/wp-content\/uploads\/2025\/07\/Foto-Quadrada-02-1024x1024.webp\",\"datePublished\":\"2025-07-30T01:07:23+00:00\",\"dateModified\":\"2025-08-07T10:38:24+00:00\",\"breadcrumb\":{\"@id\":\"https:\/\/dmorato.com.br\/index.php\/contato\/#breadcrumb\"},\"inLanguage\":\"en-US\",\"potentialAction\":[{\"@type\":\"ReadAction\",\"target\":[\"https:\/\/dmorato.com.br\/index.php\/contato\/\"]}]},{\"@type\":\"ImageObject\",\"inLanguage\":\"en-US\",\"@id\":\"https:\/\/dmorato.com.br\/index.php\/contato\/#primaryimage\",\"url\":\"https:\/\/dmorato.com.br\/wp-content\/uploads\/2025\/07\/Foto-Quadrada-02.webp\",\"contentUrl\":\"https:\/\/dmorato.com.br\/wp-content\/uploads\/2025\/07\/Foto-Quadrada-02.webp\",\"width\":1080,\"height\":1079,\"caption\":\"Foto Daniel\"},{\"@type\":\"BreadcrumbList\",\"@id\":\"https:\/\/dmorato.com.br\/index.php\/contato\/#breadcrumb\",\"itemListElement\":[{\"@type\":\"ListItem\",\"position\":1,\"name\":\"In\u00edcio\",\"item\":\"https:\/\/dmorato.com.br\/\"},{\"@type\":\"ListItem\",\"position\":2,\"name\":\"Contato\"}]},{\"@type\":\"WebSite\",\"@id\":\"https:\/\/dmorato.com.br\/#website\",\"url\":\"https:\/\/dmorato.com.br\/\",\"name\":\"Daniel Morato Arquitetura\",\"description\":\"\",\"publisher\":{\"@id\":\"https:\/\/dmorato.com.br\/#organization\"},\"potentialAction\":[{\"@type\":\"SearchAction\",\"target\":{\"@type\":\"EntryPoint\",\"urlTemplate\":\"https:\/\/dmorato.com.br\/?s={search_term_string}\"},\"query-input\":{\"@type\":\"PropertyValueSpecification\",\"valueRequired\":true,\"valueName\":\"search_term_string\"}}],\"inLanguage\":\"en-US\"},{\"@type\":\"Organization\",\"@id\":\"https:\/\/dmorato.com.br\/#organization\",\"name\":\"Daniel Morato Arquitetura\",\"url\":\"https:\/\/dmorato.com.br\/\",\"logo\":{\"@type\":\"ImageObject\",\"inLanguage\":\"en-US\",\"@id\":\"https:\/\/dmorato.com.br\/#\/schema\/logo\/image\/\",\"url\":\"https:\/\/dmorato.com.br\/wp-content\/uploads\/2025\/07\/Logo-Site-Header-Branco.webp\",\"contentUrl\":\"https:\/\/dmorato.com.br\/wp-content\/uploads\/2025\/07\/Logo-Site-Header-Branco.webp\",\"width\":350,\"height\":100,\"caption\":\"Daniel Morato Arquitetura\"},\"image\":{\"@id\":\"https:\/\/dmorato.com.br\/#\/schema\/logo\/image\/\"},\"sameAs\":[\"https:\/\/www.facebook.com\/daniel.morato.arquitetura\",\"https:\/\/www.instagram.com\/danielmoratoarq\/\",\"https:\/\/www.youtube.com\/@danielmoratoarq\"]}]}<\/script>\n<!-- \/ Yoast SEO plugin. -->","yoast_head_json":{"title":"Contato - Daniel Morato Arquitetura","robots":{"index":"index","follow":"follow","max-snippet":"max-snippet:-1","max-image-preview":"max-image-preview:large","max-video-preview":"max-video-preview:-1"},"canonical":"https:\/\/dmorato.com.br\/index.php\/contato\/","og_locale":"en_US","og_type":"article","og_title":"Contato - Daniel Morato Arquitetura","og_description":"CONTATO Quer entrar em contato conosco? Preencha o formul\u00e1rio abaixo que iremos entrar em contato o mais r\u00e1pido poss\u00edvel. Facebook Instagram Pinterest Linkedin Youtube Prefere entrar em contato direto pelo WhatsAPP? ENTRAR EM CONTATO PELO WHATSAPP","og_url":"https:\/\/dmorato.com.br\/index.php\/contato\/","og_site_name":"Daniel Morato Arquitetura","article_publisher":"https:\/\/www.facebook.com\/daniel.morato.arquitetura","article_modified_time":"2025-08-07T10:38:24+00:00","og_image":[{"width":1080,"height":1079,"url":"https:\/\/dmorato.com.br\/wp-content\/uploads\/2025\/07\/Foto-Quadrada-02.webp","type":"image\/webp"}],"twitter_card":"summary_large_image","schema":{"@context":"https:\/\/schema.org","@graph":[{"@type":"WebPage","@id":"https:\/\/dmorato.com.br\/index.php\/contato\/","url":"https:\/\/dmorato.com.br\/index.php\/contato\/","name":"Contato - Daniel Morato Arquitetura","isPartOf":{"@id":"https:\/\/dmorato.com.br\/#website"},"primaryImageOfPage":{"@id":"https:\/\/dmorato.com.br\/index.php\/contato\/#primaryimage"},"image":{"@id":"https:\/\/dmorato.com.br\/index.php\/contato\/#primaryimage"},"thumbnailUrl":"https:\/\/dmorato.com.br\/wp-content\/uploads\/2025\/07\/Foto-Quadrada-02-1024x1024.webp","datePublished":"2025-07-30T01:07:23+00:00","dateModified":"2025-08-07T10:38:24+00:00","breadcrumb":{"@id":"https:\/\/dmorato.com.br\/index.php\/contato\/#breadcrumb"},"inLanguage":"en-US","potentialAction":[{"@type":"ReadAction","target":["https:\/\/dmorato.com.br\/index.php\/contato\/"]}]},{"@type":"ImageObject","inLanguage":"en-US","@id":"https:\/\/dmorato.com.br\/index.php\/contato\/#primaryimage","url":"https:\/\/dmorato.com.br\/wp-content\/uploads\/2025\/07\/Foto-Quadrada-02.webp","contentUrl":"https:\/\/dmorato.com.br\/wp-content\/uploads\/2025\/07\/Foto-Quadrada-02.webp","width":1080,"height":1079,"caption":"Foto Daniel"},{"@type":"BreadcrumbList","@id":"https:\/\/dmorato.com.br\/index.php\/contato\/#breadcrumb","itemListElement":[{"@type":"ListItem","position":1,"name":"In\u00edcio","item":"https:\/\/dmorato.com.br\/"},{"@type":"ListItem","position":2,"name":"Contato"}]},{"@type":"WebSite","@id":"https:\/\/dmorato.com.br\/#website","url":"https:\/\/dmorato.com.br\/","name":"Daniel Morato Arquitetura","description":"","publisher":{"@id":"https:\/\/dmorato.com.br\/#organization"},"potentialAction":[{"@type":"SearchAction","target":{"@type":"EntryPoint","urlTemplate":"https:\/\/dmorato.com.br\/?s={search_term_string}"},"query-input":{"@type":"PropertyValueSpecification","valueRequired":true,"valueName":"search_term_string"}}],"inLanguage":"en-US"},{"@type":"Organization","@id":"https:\/\/dmorato.com.br\/#organization","name":"Daniel Morato Arquitetura","url":"https:\/\/dmorato.com.br\/","logo":{"@type":"ImageObject","inLanguage":"en-US","@id":"https:\/\/dmorato.com.br\/#\/schema\/logo\/image\/","url":"https:\/\/dmorato.com.br\/wp-content\/uploads\/2025\/07\/Logo-Site-Header-Branco.webp","contentUrl":"https:\/\/dmorato.com.br\/wp-content\/uploads\/2025\/07\/Logo-Site-Header-Branco.webp","width":350,"height":100,"caption":"Daniel Morato Arquitetura"},"image":{"@id":"https:\/\/dmorato.com.br\/#\/schema\/logo\/image\/"},"sameAs":["https:\/\/www.facebook.com\/daniel.morato.arquitetura","https:\/\/www.instagram.com\/danielmoratoarq\/","https:\/\/www.youtube.com\/@danielmoratoarq"]}]}},"_links":{"self":[{"href":"https:\/\/dmorato.com.br\/index.php\/wp-json\/wp\/v2\/pages\/47","targetHints":{"allow":["GET"]}}],"collection":[{"href":"https:\/\/dmorato.com.br\/index.php\/wp-json\/wp\/v2\/pages"}],"about":[{"href":"https:\/\/dmorato.com.br\/index.php\/wp-json\/wp\/v2\/types\/page"}],"author":[{"embeddable":true,"href":"https:\/\/dmorato.com.br\/index.php\/wp-json\/wp\/v2\/users\/1"}],"replies":[{"embeddable":true,"href":"https:\/\/dmorato.com.br\/index.php\/wp-json\/wp\/v2\/comments?post=47"}],"version-history":[{"count":40,"href":"https:\/\/dmorato.com.br\/index.php\/wp-json\/wp\/v2\/pages\/47\/revisions"}],"predecessor-version":[{"id":795,"href":"https:\/\/dmorato.com.br\/index.php\/wp-json\/wp\/v2\/pages\/47\/revisions\/795"}],"wp:attachment":[{"href":"https:\/\/dmorato.com.br\/index.php\/wp-json\/wp\/v2\/media?parent=47"}],"curies":[{"name":"wp","href":"https:\/\/api.w.org\/{rel}","templated":true}]}}